{"id":134,"date":"2022-06-30T01:05:11","date_gmt":"2022-06-29T16:05:11","guid":{"rendered":"https:\/\/prime-s12.com\/sports\/?page_id=134"},"modified":"2023-04-13T02:05:50","modified_gmt":"2023-04-12T17:05:50","slug":"machine-sales","status":"publish","type":"page","link":"https:\/\/prime-s12.com\/sports\/machine-sales\/","title":{"rendered":"MARKET"},"content":{"rendered":"\n<h2 class=\"wp-block-heading has-text-align-center u-mb-ctrl u-mb-5 has-swl-main-color has-text-color\" style=\"font-size:2.5rem;text-transform:uppercase\">machine<\/h2>\n\n\n\n<p class=\"has-text-align-center u-mb-ctrl u-mb-5 has-swl-main-color has-text-color\">\u65b0\u54c1\u30fb\u4e2d\u53e4\u306e\u6a5f\u5668\u306e\u8ca9\u58f2<\/p>\n\n\n\n<p class=\"has-text-align-center u-mb-ctrl u-mb-15 has-swl-main-color has-text-color\">\u25bc\u25bc\u25bc\u25bc\u25bc\u25bc\u25bc\u25bc\u25bc\u25bc<\/p>\n\n\n\n<div class=\"swell-block-fullWide pc-py-60 sp-py-40 alignfull animated fadeInLeft\" style=\"background-color:rgba(248, 214, 190, 0.4)\"><div class=\"swell-block-fullWide__inner l-article\">\n<h3 class=\"wp-block-heading is-style-default has-swl-main-color has-text-color\" style=\"font-size:1.5rem\">\u30d4\u30c3\u30c1\u30f3\u30b0\u30de\u30b7\u30f3\u306e\u65b0\u898f\u5c0e\u5165\u3001\u8ffd\u52a0\u3092\u3054\u691c\u8a0e\u306e\u65b9\u3078<\/h3>\n\n\n\n<p>\u5f53\u5e97\u3067\u306f\u3001\u30d4\u30c3\u30c1\u30f3\u30b0\u30de\u30b7\u30f3\u306e\u65b0\u54c1\u30fb\u4e2d\u53e4\u306e\u6a5f\u5668\u306e\u8ca9\u58f2\u306b\u3064\u3044\u3066\u3001<br>\u69d8\u3005\u306a\u30e1\u30fc\u30ab\u30fc\u306e\u6a5f\u5668\u3092\u304a\u53d6\u308a\u6271\u3044\u3057\u3066\u304a\u308a\u307e\u3059\u3002<br>\u3000<\/p>\n\n\n\n<div class=\"swell-block-columns is-style-clmn-border\" style=\"--clmn-w--pc:33.33%;--clmn-w--tab:33.33%\"><div class=\"swell-block-columns__inner\">\n<div class=\"swell-block-column swl-has-mb--s col_bg\">\n<figure class=\"wp-block-image size-full\"><img decoding=\"async\" width=\"440\" height=\"440\" src=\"https:\/\/prime-s12.com\/sports\/wp-content\/uploads\/2023\/04\/a2img02-1.jpg\" alt=\"\" class=\"wp-image-597\" srcset=\"https:\/\/prime-s12.com\/sports\/wp-content\/uploads\/2023\/04\/a2img02-1.jpg 440w, https:\/\/prime-s12.com\/sports\/wp-content\/uploads\/2023\/04\/a2img02-1-300x300.jpg 300w, https:\/\/prime-s12.com\/sports\/wp-content\/uploads\/2023\/04\/a2img02-1-150x150.jpg 150w\" sizes=\"(max-width: 440px) 100vw, 440px\" \/><\/figure>\n\n\n\n<p class=\"has-text-align-center\">\u30b0\u30e9\u30f3\u30c9\u7528\u30d4\u30c3\u30c1\u30f3\u30b0\u30de\u30b7\u30f3<br>A2-GB\u578b<\/p>\n\n\n\n<p class=\"has-text-align-center\"><span class=\"swl-marker mark_yellow\">\u53c2\u8003\u4e0a\u4ee3 <strong>485,000\u5186<\/strong><\/span><\/p>\n<\/div>\n\n\n\n<div class=\"swell-block-column swl-has-mb--s col_bg\">\n<figure class=\"wp-block-image size-full\"><img decoding=\"async\" width=\"440\" height=\"440\" src=\"https:\/\/prime-s12.com\/sports\/wp-content\/uploads\/2023\/04\/t1img01-1.jpg\" alt=\"\" class=\"wp-image-595\" srcset=\"https:\/\/prime-s12.com\/sports\/wp-content\/uploads\/2023\/04\/t1img01-1.jpg 440w, https:\/\/prime-s12.com\/sports\/wp-content\/uploads\/2023\/04\/t1img01-1-300x300.jpg 300w, https:\/\/prime-s12.com\/sports\/wp-content\/uploads\/2023\/04\/t1img01-1-150x150.jpg 150w\" sizes=\"(max-width: 440px) 100vw, 440px\" \/><\/figure>\n\n\n\n<p class=\"has-text-align-center\">\u30b0\u30e9\u30f3\u30c9\u7528\u30d4\u30c3\u30c1\u30f3\u30b0\u30de\u30b7\u30f3<br>T1-G\u578b<\/p>\n\n\n\n<p class=\"has-text-align-center\"><span class=\"swl-marker mark_yellow\">\u53c2\u8003\u4e0a\u4ee3 <strong>710,000\u5186<\/strong><\/span><\/p>\n<\/div>\n\n\n\n<div class=\"swell-block-column swl-has-mb--s col_bg\">\n<figure class=\"wp-block-image size-full\"><img decoding=\"async\" width=\"440\" height=\"440\" src=\"https:\/\/prime-s12.com\/sports\/wp-content\/uploads\/2023\/04\/thimg01-1_001.jpg\" alt=\"\" class=\"wp-image-596\" srcset=\"https:\/\/prime-s12.com\/sports\/wp-content\/uploads\/2023\/04\/thimg01-1_001.jpg 440w, https:\/\/prime-s12.com\/sports\/wp-content\/uploads\/2023\/04\/thimg01-1_001-300x300.jpg 300w, https:\/\/prime-s12.com\/sports\/wp-content\/uploads\/2023\/04\/thimg01-1_001-150x150.jpg 150w\" sizes=\"(max-width: 440px) 100vw, 440px\" \/><\/figure>\n\n\n\n<p class=\"has-text-align-center\">\u30b0\u30e9\u30f3\u30c9\u7528\u30d4\u30c3\u30c1\u30f3\u30b0\u30de\u30b7\u30f3<br>TH-G\u578b<\/p>\n\n\n\n<p class=\"has-text-align-center\"><span class=\"swl-marker mark_yellow\">\u53c2\u8003\u4e0a\u4ee3 <strong>980,000\u5186<\/strong><\/span><\/p>\n<\/div>\n<\/div><\/div>\n<\/div><\/div>\n\n\n\n<div class=\"swell-block-fullWide pc-py-60 sp-py-40 alignfull animated slideInRight\" style=\"background-color:#ffffff\"><div class=\"swell-block-fullWide__inner l-article\">\n<h3 class=\"wp-block-heading is-style-default has-swl-main-color has-text-color\" style=\"font-size:1.5rem\">\u3054\u8981\u671b\u306b\u5408\u308f\u305b\u3066\u30ab\u30b9\u30bf\u30de\u30a4\u30ba\u3044\u305f\u3057\u307e\u3059<\/h3>\n\n\n\n<div class=\"wp-block-columns\">\n<div class=\"wp-block-column is-vertically-aligned-center\" style=\"flex-basis:66.66%\">\n<p>\u304a\u5ba2\u69d8\u306e\u3054\u6307\u5b9a\u30fb\u3054\u5e0c\u671b\u306e\u30de\u30b7\u30f3\u3092\u8ca9\u58f2\u3055\u305b\u3066\u3044\u305f\u3060\u304f\u4ed6\u306b<\/p>\n\n\n\n<p><br><strong><span class=\"swl-marker mark_blue\">\u304a\u5ba2\u69d8\u306e\u74b0\u5883\u3084\u7528\u9014\u30fb\u3053\u3060\u308f\u308a\u306e\u30e1\u30fc\u30ab\u30fc\u306a\u3069\u3054\u8981\u671b\u306b\u5408\u308f\u305b\u3066\u3054\u63d0\u6848\u3092\u3055\u305b\u3066\u3044\u305f\u304d\u307e\u3059\u3002<\/span><\/strong><br><br>\u304a\u898b\u7a4d\u308a\u30fb\u3054\u76f8\u8ac7\u3060\u3051\u3067\u3082\u3082\u3061\u308d\u3093\u69cb\u3044\u307e\u305b\u3093\uff01<br>\u305c\u3072\u304a\u6c17\u8efd\u306b\u304a\u554f\u3044\u5408\u308f\u305b\u304f\u3060\u3055\u3044\u3002<br> <\/p>\n\n\n\n<div class=\"swell-block-button red_ is-style-btn_normal animated bounceIn\" data-align=\"left\"><a href=\"#contact\" class=\"swell-block-button__link\"><span><span class=\"swl-inline-color has-black-color\">\u304a\u554f\u3044\u5408\u308f\u305b<\/span><\/span><\/a><\/div>\n<\/div>\n\n\n\n<div class=\"wp-block-column\" style=\"flex-basis:33.33%\">\n<div class=\"wp-block-columns\">\n<div class=\"wp-block-column\">\n<figure class=\"wp-block-image size-full is-resized\"><img decoding=\"async\" src=\"https:\/\/prime-s12.com\/sports\/wp-content\/uploads\/2023\/04\/BMH748.jpg\" alt=\"\" class=\"wp-image-523\" width=\"263\" height=\"500\" srcset=\"https:\/\/prime-s12.com\/sports\/wp-content\/uploads\/2023\/04\/BMH748.jpg 526w, https:\/\/prime-s12.com\/sports\/wp-content\/uploads\/2023\/04\/BMH748-158x300.jpg 158w\" sizes=\"(max-width: 263px) 100vw, 263px\" \/><\/figure>\n<\/div>\n\n\n\n<div class=\"wp-block-column\">\n<figure class=\"wp-block-image size-full is-resized\"><img decoding=\"async\" src=\"https:\/\/prime-s12.com\/sports\/wp-content\/uploads\/2023\/04\/BMH88.jpg\" alt=\"\" class=\"wp-image-524\" width=\"288\" height=\"500\" srcset=\"https:\/\/prime-s12.com\/sports\/wp-content\/uploads\/2023\/04\/BMH88.jpg 576w, https:\/\/prime-s12.com\/sports\/wp-content\/uploads\/2023\/04\/BMH88-173x300.jpg 173w\" sizes=\"(max-width: 288px) 100vw, 288px\" \/><\/figure>\n<\/div>\n<\/div>\n<\/div>\n<\/div>\n<\/div><\/div>\n\n\n\n<div class=\"swell-block-fullWide pc-py-60 sp-py-40 alignfull animated slideInLeft\" style=\"background-color:rgba(248, 214, 190, 0.4)\"><div class=\"swell-block-fullWide__inner l-article\"><div class=\"p-blogParts post_content\" data-partsID=\"137\">\n<h2 class=\"wp-block-heading has-text-align-left has-swl-main-color has-text-color\" style=\"font-size:1.5rem\">\u4e0d\u8981\u306b\u306a\u3063\u3066\u3057\u307e\u3063\u305f\u6a5f\u5668\u306e\u8cb7\u53d6\u3001\u5f15\u53d6\u3082\u884c\u3063\u3066\u304a\u308a\u307e\u3059\u3002<\/h2>\n\n\n\n<p class=\"is-style-icon_announce\"><strong>\u4e0d\u8981\u306a\u30de\u30b7\u30f3\u306e\u51e6\u5206\u3067\u304a\u56f0\u308a\u306e\u304a\u5ba2\u69d8\u3078<\/strong><\/p>\n\n\n\n<ul class=\"wp-block-list\">\n<li>\u51e6\u5206\u306b\u56f0\u3063\u3066\u3044\u308b\u6a5f\u5668<\/li>\n\n\n\n<li>\u5009\u5eab\u306b\u7720\u3063\u3066\u3057\u307e\u3063\u305f\u307e\u307e\u306b\u306a\u3063\u3066\u3044\u308b\u6a5f\u5668<\/li>\n\n\n\n<li>\u8cb7\u3044\u66ff\u3048\u3092\u691c\u8a0e\u3057\u3066\u3044\u308b<\/li>\n<\/ul>\n\n\n\n<p>\u5f53\u5e97\u3067\u8cb7\u53d6\u30fb\u5f15\u53d6\u306a\u3069\u3082\u627f\u3063\u3066\u304a\u308a\u307e\u3059\u3002<br>\u30de\u30b7\u30f3\u306e\u6574\u7406\u3092\u3057\u305f\u3044\u3068\u304a\u8003\u3048\u306e\u304a\u5ba2\u69d8<\/p>\n\n\n\n<p>\u305c\u3072\u304a\u6c17\u8efd\u306b\u304a\u554f\u3044\u5408\u308f\u305b\u30fb\u3054\u76f8\u8ac7\u304f\u3060\u3055\u3044\u3002<\/p>\n<\/div><\/div><\/div>\n\n\n\n<a id=\"contact\"><font color=\"white\">\u25a0<\/font><\/a>\n\n\n<div class=\"p-blogParts post_content\" data-partsID=\"182\">\n<div style=\"height:50px\" aria-hidden=\"true\" class=\"wp-block-spacer\"><\/div>\n\n\n\n<div class=\"wp-block-columns pc_only\">\n<div class=\"wp-block-column\" style=\"flex-basis:66.66%\">\n<div class=\"wp-block-contact-form-7-contact-form-selector\">\n<div class=\"wpcf7 no-js\" id=\"wpcf7-f102-o1\" lang=\"ja\" dir=\"ltr\" data-wpcf7-id=\"102\">\n<div class=\"screen-reader-response\"><p role=\"status\" aria-live=\"polite\" aria-atomic=\"true\"><\/p> <ul><\/ul><\/div>\n<form action=\"\/sports\/wp-json\/wp\/v2\/pages\/134#wpcf7-f102-o1\" method=\"post\" class=\"wpcf7-form init\" aria-label=\"\u30b3\u30f3\u30bf\u30af\u30c8\u30d5\u30a9\u30fc\u30e0\" novalidate=\"novalidate\" data-status=\"init\">\n<div style=\"display: none;\">\n<input type=\"hidden\" name=\"_wpcf7\" value=\"102\" \/>\n<input type=\"hidden\" name=\"_wpcf7_version\" value=\"6.0.6\" \/>\n<input type=\"hidden\" name=\"_wpcf7_locale\" value=\"ja\" \/>\n<input type=\"hidden\" name=\"_wpcf7_unit_tag\" value=\"wpcf7-f102-o1\" \/>\n<input type=\"hidden\" name=\"_wpcf7_container_post\" value=\"0\" \/>\n<input type=\"hidden\" name=\"_wpcf7_posted_data_hash\" value=\"\" \/>\n<\/div>\n<table class=\"CF7_table\" id=\"contact_form\">\n\t<tr>\n\t\t<th>\n\t\t\t<p><span class=\"CF7_req\">\u5fc5\u9808<\/span> \u3054\u76f8\u8ac7\u5185\u5bb9\n\t\t\t<\/p>\n\t\t<\/th>\n\t\t<td>\n\t\t\t<p><span class=\"wpcf7-form-control-wrap\" data-name=\"checkbox-inq\"><span class=\"wpcf7-form-control wpcf7-checkbox wpcf7-validates-as-required\"><span class=\"wpcf7-list-item first\"><input type=\"checkbox\" name=\"checkbox-inq[]\" value=\"\u3054\u76f8\u8ac7\" \/><span class=\"wpcf7-list-item-label\">\u3054\u76f8\u8ac7<\/span><\/span><span class=\"wpcf7-list-item\"><input type=\"checkbox\" name=\"checkbox-inq[]\" value=\"\u304a\u898b\u7a4d\u3082\u308a\" \/><span class=\"wpcf7-list-item-label\">\u304a\u898b\u7a4d\u3082\u308a<\/span><\/span><span class=\"wpcf7-list-item\"><input type=\"checkbox\" name=\"checkbox-inq[]\" value=\"\u304a\u554f\u3044\u5408\u308f\u305b\" \/><span class=\"wpcf7-list-item-label\">\u304a\u554f\u3044\u5408\u308f\u305b<\/span><\/span><span class=\"wpcf7-list-item last\"><input type=\"checkbox\" name=\"checkbox-inq[]\" value=\"\u305d\u306e\u4ed6\" \/><span class=\"wpcf7-list-item-label\">\u305d\u306e\u4ed6<\/span><\/span><\/span><\/span>\n\t\t\t<\/p>\n\t\t<\/td>\n\t<\/tr>\n\t<tr>\n\t\t<th>\n\t\t\t<p><span class=\"CF7_req\">\u5fc5\u9808<\/span> \u304a\u540d\u524d\n\t\t\t<\/p>\n\t\t<\/th>\n\t\t<td>\n\t\t\t<p><span class=\"wpcf7-form-control-wrap\" data-name=\"your-name\"><input size=\"40\" maxlength=\"400\" class=\"wpcf7-form-control wpcf7-text wpcf7-validates-as-required\" aria-required=\"true\" aria-invalid=\"false\" placeholder=\"\u4f8b\uff1a\u3042\u306a\u305f\u306e\u304a\u540d\u524d\" value=\"\" type=\"text\" name=\"your-name\" \/><\/span>\n\t\t\t<\/p>\n\t\t<\/td>\n\t<\/tr>\n\t<th>\n\t\t<p><span class=\"CF7_unreq\">\u4efb\u610f<\/span>\u5b66\u6821\u540d\u30fb\u56e3\u4f53\u540d\n\t\t<\/p>\n\t<\/th>\n\t<td>\n\t\t<p><span class=\"wpcf7-form-control-wrap\" data-name=\"your-group\"><input size=\"40\" maxlength=\"400\" class=\"wpcf7-form-control wpcf7-text\" aria-invalid=\"false\" placeholder=\"\u4f8b\uff1a\u6771\u4eac\u90fd\u25ef\u25ef\u25b3\u25b3\u9ad8\u6821\" value=\"\" type=\"text\" name=\"your-group\" \/><\/span>\n\t\t<\/p>\n\t<\/td>\n\t<tr>\n\t\t<th>\n\t\t\t<p><span class=\"CF7_req\">\u5fc5\u9808<\/span>\u30e1\u30fc\u30eb\u30a2\u30c9\u30ec\u30b9\n\t\t\t<\/p>\n\t\t<\/th>\n\t\t<td>\n\t\t\t<p><span class=\"wpcf7-form-control-wrap\" data-name=\"your-email\"><input size=\"40\" maxlength=\"400\" class=\"wpcf7-form-control wpcf7-email wpcf7-validates-as-required wpcf7-text wpcf7-validates-as-email\" aria-required=\"true\" aria-invalid=\"false\" placeholder=\"\u4f8b\uff1a\u00d7\u00d7\u00d7@\u00d7\u00d7\u00d7.com\" value=\"\" type=\"email\" name=\"your-email\" \/><\/span>\n\t\t\t<\/p>\n\t\t<\/td>\n\t<\/tr>\n\t<tr>\n\t\t<th>\n\t\t\t<p><span class=\"CF7_unreq\">\u4efb\u610f<\/span>\u304a\u96fb\u8a71\u756a\u53f7\n\t\t\t<\/p>\n\t\t<\/th>\n\t\t<td>\n\t\t\t<p><span class=\"wpcf7-form-control-wrap\" data-name=\"your-tel\"><input size=\"40\" maxlength=\"400\" class=\"wpcf7-form-control wpcf7-text\" aria-invalid=\"false\" placeholder=\"\u4f8b\uff1a03-1234-5678\" value=\"\" type=\"text\" name=\"your-tel\" \/><\/span>\n\t\t\t<\/p>\n\t\t<\/td>\n\t<\/tr>\n\t<tr>\n\t\t<th>\n\t\t\t<p><span class=\"CF7_req\">\u5fc5\u9808<\/span>\u30e1\u30c3\u30bb\u30fc\u30b8\u672c\u6587\n\t\t\t<\/p>\n\t\t<\/th>\n\t\t<td class=\"message-100\">\n\t\t\t<p><span class=\"wpcf7-form-control-wrap\" data-name=\"your-message\"><textarea cols=\"40\" rows=\"10\" maxlength=\"2000\" class=\"wpcf7-form-control wpcf7-textarea wpcf7-validates-as-required\" aria-required=\"true\" aria-invalid=\"false\" placeholder=\"\u304a\u554f\u3044\u5408\u308f\u305b\u5185\u5bb9\u3092\u3054\u8a18\u5165\u304f\u3060\u3055\u3044\" name=\"your-message\"><\/textarea><\/span>\n\t\t\t<\/p>\n\t\t<\/td>\n\t<\/tr>\n<\/table>\n<p class=\"CF7_btn\"><input class=\"wpcf7-form-control wpcf7-submit has-spinner\" type=\"submit\" value=\"\u9001\u4fe1\u3059\u308b\" \/>\n<\/p><div class=\"wpcf7-response-output\" aria-hidden=\"true\"><\/div>\n<\/form>\n<\/div>\n<\/div>\n<\/div>\n\n\n\n<div class=\"wp-block-column\" style=\"flex-basis:33.33%\">\n<figure class=\"wp-block-image size-full u-lb-off\"><img decoding=\"async\" width=\"948\" height=\"240\" src=\"https:\/\/prime-s12.com\/sports\/wp-content\/uploads\/2022\/08\/line-heading.png\" alt=\"\" class=\"wp-image-168\" srcset=\"https:\/\/prime-s12.com\/sports\/wp-content\/uploads\/2022\/08\/line-heading.png 948w, https:\/\/prime-s12.com\/sports\/wp-content\/uploads\/2022\/08\/line-heading-300x76.png 300w, https:\/\/prime-s12.com\/sports\/wp-content\/uploads\/2022\/08\/line-heading-768x194.png 768w\" sizes=\"(max-width: 948px) 100vw, 948px\" \/><\/figure>\n\n\n\n<p class=\"has-text-align-center\"><strong>LINE\u3067\u3082\u304a\u554f\u3044\u5408\u308f\u305b\u3044\u305f\u3060\u3051\u307e\u3059\uff01<\/strong><\/p>\n\n\n\n<figure class=\"wp-block-image size-full is-style-border\"><img decoding=\"async\" width=\"540\" height=\"540\" src=\"https:\/\/prime-s12.com\/sports\/wp-content\/uploads\/2022\/08\/QR.png\" alt=\"\" class=\"wp-image-813\" srcset=\"https:\/\/prime-s12.com\/sports\/wp-content\/uploads\/2022\/08\/QR.png 540w, https:\/\/prime-s12.com\/sports\/wp-content\/uploads\/2022\/08\/QR-300x300.png 300w, https:\/\/prime-s12.com\/sports\/wp-content\/uploads\/2022\/08\/QR-150x150.png 150w\" sizes=\"(max-width: 540px) 100vw, 540px\" \/><\/figure>\n\n\n\n<p class=\"has-text-align-center\"><strong><a href=\"https:\/\/lin.ee\/iT1PuMw\" target=\"_blank\" rel=\"noreferrer noopener\">@354iifnh<\/a><\/strong><br>\u30d7\u30e9\u30a4\u30e0\u30b5\u30fc\u30d3\u30b9\u516c\u5f0fLINE<\/p>\n<\/div>\n<\/div>\n\n\n\n<figure class=\"wp-block-image size-full sp_only u-lb-off\"><img decoding=\"async\" width=\"948\" height=\"240\" src=\"https:\/\/prime-s12.com\/sports\/wp-content\/uploads\/2022\/08\/line-heading.png\" alt=\"\" class=\"wp-image-168\" srcset=\"https:\/\/prime-s12.com\/sports\/wp-content\/uploads\/2022\/08\/line-heading.png 948w, https:\/\/prime-s12.com\/sports\/wp-content\/uploads\/2022\/08\/line-heading-300x76.png 300w, https:\/\/prime-s12.com\/sports\/wp-content\/uploads\/2022\/08\/line-heading-768x194.png 768w\" sizes=\"(max-width: 948px) 100vw, 948px\" \/><\/figure>\n\n\n\n<p class=\"has-text-align-center sp_only\"><strong>LINE\u3067\u3082\u304a\u554f\u3044\u5408\u308f\u305b\u3044\u305f\u3060\u3051\u307e\u3059\uff01<\/strong><\/p>\n\n\n\n\n\n\n\n<figure class=\"wp-block-image size-full is-style-border sp_only\"><img decoding=\"async\" width=\"540\" height=\"540\" src=\"https:\/\/prime-s12.com\/sports\/wp-content\/uploads\/2022\/08\/QR-1.png\" alt=\"\" class=\"wp-image-815\" srcset=\"https:\/\/prime-s12.com\/sports\/wp-content\/uploads\/2022\/08\/QR-1.png 540w, https:\/\/prime-s12.com\/sports\/wp-content\/uploads\/2022\/08\/QR-1-300x300.png 300w, https:\/\/prime-s12.com\/sports\/wp-content\/uploads\/2022\/08\/QR-1-150x150.png 150w\" sizes=\"(max-width: 540px) 100vw, 540px\" \/><\/figure>\n\n\n\n<p class=\"has-text-align-center sp_only\"><strong><a href=\"https:\/\/lin.ee\/iT1PuMw\" target=\"_blank\" rel=\"noreferrer noopener\">@354iifnh<\/a><\/strong><br>\u30d7\u30e9\u30a4\u30e0\u30b5\u30fc\u30d3\u30b9\u516c\u5f0fLINE<\/p>\n\n\n\n\n<\/div>","protected":false},"excerpt":{"rendered":"<p>machine \u65b0\u54c1\u30fb\u4e2d\u53e4\u306e\u6a5f\u5668\u306e\u8ca9\u58f2 \u25bc\u25bc\u25bc\u25bc\u25bc\u25bc\u25bc\u25bc\u25bc\u25bc \u25a0<\/p>\n","protected":false},"author":8,"featured_media":0,"parent":0,"menu_order":0,"comment_status":"closed","ping_status":"closed","template":"","meta":{"om_disable_all_campaigns":false,"_monsterinsights_skip_tracking":false,"_monsterinsights_sitenote_active":false,"_monsterinsights_sitenote_note":"","_monsterinsights_sitenote_category":0,"swell_btn_cv_data":"","footnotes":""},"class_list":["post-134","page","type-page","status-publish","hentry"],"aioseo_notices":[],"_links":{"self":[{"href":"https:\/\/prime-s12.com\/sports\/wp-json\/wp\/v2\/pages\/134","targetHints":{"allow":["GET"]}}],"collection":[{"href":"https:\/\/prime-s12.com\/sports\/wp-json\/wp\/v2\/pages"}],"about":[{"href":"https:\/\/prime-s12.com\/sports\/wp-json\/wp\/v2\/types\/page"}],"author":[{"embeddable":true,"href":"https:\/\/prime-s12.com\/sports\/wp-json\/wp\/v2\/users\/8"}],"replies":[{"embeddable":true,"href":"https:\/\/prime-s12.com\/sports\/wp-json\/wp\/v2\/comments?post=134"}],"version-history":[{"count":35,"href":"https:\/\/prime-s12.com\/sports\/wp-json\/wp\/v2\/pages\/134\/revisions"}],"predecessor-version":[{"id":812,"href":"https:\/\/prime-s12.com\/sports\/wp-json\/wp\/v2\/pages\/134\/revisions\/812"}],"wp:attachment":[{"href":"https:\/\/prime-s12.com\/sports\/wp-json\/wp\/v2\/media?parent=134"}],"curies":[{"name":"wp","href":"https:\/\/api.w.org\/{rel}","templated":true}]}}